{"id":49,"date":"2025-09-12T18:21:50","date_gmt":"2025-09-12T09:21:50","guid":{"rendered":"https:\/\/www.gigamedia.jp\/media\/?page_id=49"},"modified":"2025-09-12T18:21:50","modified_gmt":"2025-09-12T09:21:50","slug":"sitemap","status":"publish","type":"page","link":"https:\/\/www.gigamedia.jp\/media\/sitemap\/","title":{"rendered":"\u30b5\u30a4\u30c8\u30de\u30c3\u30d7"},"content":{"rendered":"<div class=\"wsp-container\"><h2 class=\"wsp-pages-title\">\u30da\u30fc\u30b8<\/h2>\n<ul class=\"wsp-pages-list\">\n<li class=\"page_item page-item-14\"><a href=\"https:\/\/www.gigamedia.jp\/media\/contact\/\">\u304a\u554f\u3044\u5408\u308f\u305b<\/a><\/li>\n<li class=\"page_item page-item-49\"><a href=\"https:\/\/www.gigamedia.jp\/media\/sitemap\/\">\u30b5\u30a4\u30c8\u30de\u30c3\u30d7<\/a><\/li>\n<li class=\"page_item page-item-11\"><a href=\"https:\/\/www.gigamedia.jp\/media\/privacy-policy\/\">\u30d7\u30e9\u30a4\u30d0\u30b7\u30fc\u30dd\u30ea\u30b7\u30fc<\/a><\/li>\n<li class=\"page_item page-item-58\"><a href=\"https:\/\/www.gigamedia.jp\/media\/about\/\">\u904b\u55b6\u8005\u60c5\u5831<\/a><\/li>\n<\/ul>\n<h2 class=\"wsp-posts-title\">\u30ab\u30c6\u30b4\u30ea\u30fc\u3054\u3068\u306e\u6295\u7a3f<\/h2>\n<ul class=\"wsp-posts-list\">\n\t<li><strong class=\"wsp-category-title\">\u30ab\u30c6\u30b4\u30ea\u30fc: <a href=\"https:\/\/www.gigamedia.jp\/media\/category\/bl\/\">BL\u30b3\u30df\u30c3\u30af<\/a><\/strong>\n<ul class=\"wsp-posts-list\">\t\t<li class=\"wsp-post\"><a href=\"https:\/\/www.gigamedia.jp\/media\/nonkeore-kantoboy-free\/\">\u6f2b\u753b\u300e\u30ce\u30f3\u30b1\u4ffa\u3001\u30ab\u30f3\u30c8\u30dc\u30fc\u30a4\u306b\u306a\u3063\u305f\u306e\u3067190cm\u5e7c\u306a\u3058\u307f\u2642\u3068\u6fc3\u5bc6\u4ea4\u5c3e\u3057\u3066\u307f\u305f\u300f\u3092\u7121\u6599\u3067\u8aad\u3081\u308b\u30b5\u30a4\u30c8\u30fb\u30a2\u30d7\u30ea\u3092\u8abf\u67fb\uff01\uff5c\u6700\u5b89\u5024\u306fDLsite\uff01<\/a><\/li>\n\t\t<li class=\"wsp-post\"><a href=\"https:\/\/www.gigamedia.jp\/media\/nonkenokamikikunha-syojosoushituchuu-free\/\">\u6f2b\u753b\u300e\u30ce\u30f3\u30b1\u306e\u795e\u6728\u304f\u3093\u306f\u7d76\u9802\u51e6\u5973\u55aa\u5931\u4e2d!\u300f\u3092\u7121\u6599\u3067\u8aad\u3081\u308b\u30b5\u30a4\u30c8\u30fb\u30a2\u30d7\u30ea\u3092\u8abf\u67fb\uff01\uff5c\u6700\u5b89\u5024\u306fDLsite\uff01<\/a><\/li>\n\t\t<li class=\"wsp-post\"><a href=\"https:\/\/www.gigamedia.jp\/media\/hentaiwo-choukyou-free\/\">\u6f2b\u753b\u300e\u5909\u614b\u3092\u8abf\u6559\u3010\u30aa\u30ea\u30b8\u30ca\u30eb\u7248\u3011\u300f\u3092\u7121\u6599\u3067\u8aad\u3081\u308b\u30b5\u30a4\u30c8\u30fb\u30a2\u30d7\u30ea\u3092\u8abf\u67fb\uff01\uff5c\u6700\u5b89\u5024\u306fDLsite\uff01<\/a><\/li>\n\t\t<li class=\"wsp-post\"><a href=\"https:\/\/www.gigamedia.jp\/media\/danshikounohime-free\/\">\u6f2b\u753b\u300e\u7537\u5b50\u6821\u306e\u59eb \u6821\u5247\u9055\u53cd\u8005\u3092\u4e73\u9996\u958b\u767a\u30e1\u30b9\u5316\u8abf\u6559\u300f\u3092\u7121\u6599\u3067\u8aad\u3081\u308b\u30b5\u30a4\u30c8\u30fb\u30a2\u30d7\u30ea\u3092\u8abf\u67fb\uff01\uff5c\u6700\u5b89\u5024\u306fDLsite\uff01<\/a><\/li>\n\t\t<li class=\"wsp-post\"><a href=\"https:\/\/www.gigamedia.jp\/media\/kantboyshinpu-free\/\">\u6f2b\u753b\u300e\u30ab\u30f3\u30c8\u30dc\u30fc\u30a4\u795e\u7236\u306f\u60aa\u9b54\u3068\u5951\u7d04\u3059\u308b\u300f\u3092\u7121\u6599\u3067\u8aad\u3081\u308b\u30b5\u30a4\u30c8\u30fb\u30a2\u30d7\u30ea\u3092\u8abf\u67fb\uff01\uff5c\u6700\u5b89\u5024\u306fDLsite\uff01<\/a><\/li>\n\t\t<li class=\"wsp-post\"><a href=\"https:\/\/www.gigamedia.jp\/media\/konpoudanshi-free\/\">\u6f2b\u753b\u300e\u68b1\u5305\u7537\u5b50 \u95c7\u30aa\u30fc\u30af\u30b7\u30e7\u30f3\u306e\u88cf\u5074\u300f\u3092\u7121\u6599\u3067\u8aad\u3081\u308b\u30b5\u30a4\u30c8\u30fb\u30a2\u30d7\u30ea\u3092\u8abf\u67fb\uff01\uff5c\u6700\u5b89\u5024\u306fDLsite\uff01<\/a><\/li>\n\t\t<li class=\"wsp-post\"><a href=\"https:\/\/www.gigamedia.jp\/media\/shikonin-free\/\">\u6f2b\u753b\u300e\u3057\u3053\u306b\u3093\u301c\u5e7c\u99b4\u67d3\u306e\u30c7\u30ab\u3061\u3093\u307d\u3067\u30b1\u30c4\u30de\u30f3\u8abf\u6559\u4ed5\u8fbc\u307e\u308c\u7de8\u301c\u300f\u3092\u7121\u6599\u3067\u8aad\u3081\u308b\u30b5\u30a4\u30c8\u30fb\u30a2\u30d7\u30ea\u3092\u8abf\u67fb\uff01\uff5c\u6700\u5b89\u5024\u306fDLsite\uff01<\/a><\/li>\n<\/ul><\/li>\n\t<li><strong class=\"wsp-category-title\">\u30ab\u30c6\u30b4\u30ea\u30fc: <a href=\"https:\/\/www.gigamedia.jp\/media\/category\/tl\/\">TL\u30b3\u30df\u30c3\u30af<\/a><\/strong>\n<ul class=\"wsp-posts-list\">\t\t<li class=\"wsp-post\"><a href=\"https:\/\/www.gigamedia.jp\/media\/sonesandojunai-free\/\">\u6f2b\u753b\u300e\u3010\u3053\u3058\u3089\u305b\u4e21\u60f3\u3044\u00d7\u30cf\u30d4\u30a8\u30f3\u9b3c\u6f6e\u4fdd\u8a3c\u3011\u9854\u3060\u3051\u30b5\u30a4\u30b3\u30d1\u30b9\u306a\u66fd\u6839\u3055\u3093\u306e\u30c9\u7d14\u611b\u771f\u5263\u5a5a\u7d04\u8aac\u5f97\u3048\u3063\u3061\u300f\u3092\u7121\u6599\u3067\u8aad\u3081\u308b\u30b5\u30a4\u30c8\u30fb\u30a2\u30d7\u30ea\u3092\u8abf\u67fb\uff01\uff5c\u6700\u5b89\u5024\u306fDLsite\uff01<\/a><\/li>\n\t\t<li class=\"wsp-post\"><a href=\"https:\/\/www.gigamedia.jp\/media\/tertiarytransstrange-free\/\">\u6f2b\u753b\u300e\u30bf\u30fc\u30b7\u30e3\u30ea\u30c8\u30e9\u30f3\u30b9\u30b9\u30c8\u30ec\u30f3\u30b8*\u7d76\u4e16\u306e\u7f8e\u5973(\u5143\u30e4\u30f3\u7dcf\u9577)\u304c\u7d76\u4e16\u306e\u7f8e\u7537\u00d72(\u6575\u5bfe\u30c1\u30fc\u30e0\u7dcf\u9577)+(\u5e7c\u99b4\u67d3)\u306b\u57f7\u7740\u6eba\u611b\u3055\u308c\u308b\u8a71\u300f\u3092\u7121\u6599\u3067\u8aad\u3081\u308b\u30b5\u30a4\u30c8\u30fb\u30a2\u30d7\u30ea\u3092\u8abf\u67fb\uff01\uff5c\u6700\u5b89\u5024\u306fDLsite\uff01<\/a><\/li>\n\t\t<li class=\"wsp-post\"><a href=\"https:\/\/www.gigamedia.jp\/media\/taidomokaradamozenbudekaisegawasan-free\/\">\u6f2b\u753b\u300e\u614b\u5ea6\u3082\u8eab\u4f53\u3082\u5168\u90e8\u30c7\u30ab\u3044\u702c\u5ddd\u3055\u3093\u306e\u30ac\u30c1\u604b\u5bfe\u8c61\u306b\u306a\u308a\u307e\u3057\u305f\u300f\u3092\u7121\u6599\u3067\u8aad\u3081\u308b\u30b5\u30a4\u30c8\u30fb\u30a2\u30d7\u30ea\u3092\u8abf\u67fb\uff01\uff5c\u6700\u5b89\u5024\u306fDLsite\uff01<\/a><\/li>\n\t\t<li class=\"wsp-post\"><a href=\"https:\/\/www.gigamedia.jp\/media\/nazakasangaomottetano-free\/\">\u6f2b\u753b\u300e\u61a7\u308c\u306e\u540d\u5742\u3055\u3093\u304c\u601d\u3063\u3066\u305f\u306e\u3068\u9055\u3046\u3093\u3067\u3059\u3051\u3069\u2026\u300f\u3092\u7121\u6599\u3067\u8aad\u3081\u308b\u30b5\u30a4\u30c8\u30fb\u30a2\u30d7\u30ea\u3092\u8abf\u67fb\uff01\uff5c\u6700\u5b89\u5024\u306fDLsite\uff01<\/a><\/li>\n\t\t<li class=\"wsp-post\"><a href=\"https:\/\/www.gigamedia.jp\/media\/seidowoagero-free\/\">\u6f2b\u753b\u300e\u7cbe\u5ea6\u3092\u4e0a\u3052\u308d\uff01\u300f\u3092\u7121\u6599\u3067\u8aad\u3081\u308b\u30b5\u30a4\u30c8\u30fb\u30a2\u30d7\u30ea\u3092\u8abf\u67fb\uff01\uff5c\u6700\u5b89\u5024\u306fDLsite\uff01<\/a><\/li>\n\t\t<li class=\"wsp-post\"><a href=\"https:\/\/www.gigamedia.jp\/media\/kagenwo-shiranai-douteikun-free\/\">\u6f2b\u753b\u300e\u3010\u306a\u3093\u3067\u79c1\u304c\u6f6e\u5439\u304d\u3092?\u3011\u52a0\u6e1b\u3092\u77e5\u3089\u306a\u3044\u7ae5\u8c9e\u304f\u3093\u306e\u30af\u30ea\u5168\u96c6\u4e2d\u5b8c\u5168\u653b\u7565 \u301c\u57fa\u790e\u304b\u3089\u6f6e\u5439\u304d\u3001\u30ac\u30c1\u7d76\u9802\u307e\u3067\u301c\u300f\u3092\u7121\u6599\u3067\u8aad\u3081\u308b\u30b5\u30a4\u30c8\u30fb\u30a2\u30d7\u30ea\u3092\u8abf\u67fb\uff01\uff5c\u6700\u5b89\u5024\u306fDLsite\uff01<\/a><\/li>\n\t\t<li class=\"wsp-post\"><a href=\"https:\/\/www.gigamedia.jp\/media\/honnehonnechiryoushishishunjou-free\/\">\u6f2b\u753b\u300e\u672c\u97f3\u3092\u96a0\u3057\u305f\u6cbb\u7642\u5e2b\u306f\u7adc\u4eba\u30b5\u30de\u306b\u8eab\u4f53\u306e\u5965\u307e\u3067\u66b4\u304b\u308c\u308b\u301c\u6625\u60c5\u306e\u7ae0\u301c\u300f\u3092\u7121\u6599\u3067\u8aad\u3081\u308b\u30b5\u30a4\u30c8\u30fb\u30a2\u30d7\u30ea\u3092\u8abf\u67fb\uff01\uff5c\u6700\u5b89\u5024\u306fDLsite\uff01<\/a><\/li>\n\t\t<li class=\"wsp-post\"><a href=\"https:\/\/www.gigamedia.jp\/media\/tenseimajokenzoku2-free\/\">\u6f2b\u753b\u300e\u8ee2\u751f\u9b54\u5973\u306f\u305d\u306e\u7737\u5c5e\u306e\u6b32\u671b\u3092\u77e5\u3089\u306a\u30442\u300f\u3092\u7121\u6599\u3067\u8aad\u3081\u308b\u30b5\u30a4\u30c8\u30fb\u30a2\u30d7\u30ea\u3092\u8abf\u67fb\uff01\uff5c\u6700\u5b89\u5024\u306fDLsite\uff01<\/a><\/li>\n\t\t<li class=\"wsp-post\"><a href=\"https:\/\/www.gigamedia.jp\/media\/rihosanntr-free\/\">\u6f2b\u753b\u300e\u308a\u307b\u3055\u3093NTR\uff5e\u592b\u306e\u547d\u4ee4\u3067\u79c1\u3001\u5f8c\u8f29\u541b\u306b\u62b1\u304b\u308c\u307e\u3059\u3002\uff5e\u300f\u3092\u7121\u6599\u3067\u8aad\u3081\u308b\u30b5\u30a4\u30c8\u30fb\u30a2\u30d7\u30ea\u3092\u8abf\u67fb\uff01\uff5c\u6700\u5b89\u5024\u306fDLsite\uff01<\/a><\/li>\n\t\t<li class=\"wsp-post\"><a href=\"https:\/\/www.gigamedia.jp\/media\/shoutarouwawatashinokoto-free\/\">\u6f2b\u753b\u300e\u7965\u592a\u6717\u306f\u79c1\u306e\u3053\u3068\u3001\u3082\u3046\u306a\u3093\u3068\u3082\u601d\u3063\u3066\u306a\u3044?\u300f\u3092\u7121\u6599\u3067\u8aad\u3081\u308b\u30b5\u30a4\u30c8\u30fb\u30a2\u30d7\u30ea\u3092\u8abf\u67fb\uff01\uff5c\u6700\u5b89\u5024\u306fDLsite\uff01<\/a><\/li>\n\t\t<li class=\"wsp-post\"><a href=\"https:\/\/www.gigamedia.jp\/media\/dracula-free\/\">\u6f2b\u753b\u300eDracula~\u5feb\u697d\u8ff7\u7344~\u300f\u3092\u7121\u6599\u3067\u8aad\u3081\u308b\u30b5\u30a4\u30c8\u30fb\u30a2\u30d7\u30ea\u3092\u8abf\u67fb\uff01\uff5c\u6700\u5b89\u5024\u306fDLsite\uff01<\/a><\/li>\n\t\t<li class=\"wsp-post\"><a href=\"https:\/\/www.gigamedia.jp\/media\/chuukenbodyguard-free\/\">\u6f2b\u753b\u300e\u5fe0\u72ac\u30dc\u30c7\u30a3\u30fc\u30ac\u30fc\u30c9\u304c\u507d\u7269\u4ee4\u5b22\u306e\u5618\u3068\u8eab\u4f53\u3092\u66b4\u304f\u307e\u3067\u3002\u300f\u3092\u7121\u6599\u3067\u8aad\u3081\u308b\u30b5\u30a4\u30c8\u30fb\u30a2\u30d7\u30ea\u3092\u8abf\u67fb\uff01\uff5c\u6700\u5b89\u5024\u306fDLsite\uff01<\/a><\/li>\n\t\t<li class=\"wsp-post\"><a href=\"https:\/\/www.gigamedia.jp\/media\/houtoukizoku-free\/\">\u6f2b\u753b\u300e\u653e\u8569\u8cb4\u65cf\u306f\u5143\u738b\u592a\u5b50\u5983\u3068\u306e\u5b55\u307e\u305b\u5a5a\u3067\u5fd9\u3057\u3044\u300f\u3092\u7121\u6599\u3067\u8aad\u3081\u308b\u30b5\u30a4\u30c8\u30fb\u30a2\u30d7\u30ea\u3092\u8abf\u67fb\uff01\uff5c\u6700\u5b89\u5024\u306fDLsite\uff01<\/a><\/li>\n\t\t<li class=\"wsp-post\"><a href=\"https:\/\/www.gigamedia.jp\/media\/kakuteifansadekanochi-free\/\">\u6f2b\u753b\u300e\u3010\u78ba\u5b9a\u30d5\u30a1\u30f3\u30b5\u3067\u5b8c\u5815\u3061\u30af\u30ea\u6f6e\u3011\u53e4\u53c2\u30d5\u30a1\u30f3\u306e\u79c1\u304c\u3001\u63a8\u3057\u306b\u30af\u30ea\u8cac\u3081\u3055\u308c\u308b\u306a\u3093\u3066\u2026\u300f\u3092\u7121\u6599\u3067\u8aad\u3081\u308b\u30b5\u30a4\u30c8\u30fb\u30a2\u30d7\u30ea\u3092\u8abf\u67fb\uff01\uff5c\u6700\u5b89\u5024\u306fDLsite\uff01<\/a><\/li>\n\t\t<li class=\"wsp-post\"><a href=\"https:\/\/www.gigamedia.jp\/media\/houkaimoralityhentaitekiroshutsu-free\/\">\u6f2b\u753b\u300e\u5d29\u58ca\u30e2\u30e9\u30ea\u30c6\u30a3\u301c\u5909\u614b\u7684\u9732\u51fa\u8863\u88c5\u306e\u7570\u4e16\u754c\u8ee2\u751f\u3060\u3051\u3069\u57f7\u4e8b\u3078\u306e\u604b\u3092\u8cab\u304d\u307e\u3059\u301c\u300f\u3092\u7121\u6599\u3067\u8aad\u3081\u308b\u30b5\u30a4\u30c8\u30fb\u30a2\u30d7\u30ea\u3092\u8abf\u67fb\uff01\uff5c\u6700\u5b89\u5024\u306fDLsite\uff01<\/a><\/li>\n\t\t<li class=\"wsp-post\"><a href=\"https:\/\/www.gigamedia.jp\/media\/kokotteheasalondesyone-free\/\">\u6f2b\u753b\u300e\u3053\u3053\u3063\u3066\u30d8\u30a2\u30b5\u30ed\u30f3\u3067\u3059\u3088\u306d!?\u300f\u3092\u7121\u6599\u3067\u8aad\u3081\u308b\u30b5\u30a4\u30c8\u30fb\u30a2\u30d7\u30ea\u3092\u8abf\u67fb\uff01\uff5c\u6700\u5b89\u5024\u306fDLsite\uff01<\/a><\/li>\n\t\t<li class=\"wsp-post\"><a href=\"https:\/\/www.gigamedia.jp\/media\/saishuudenshasuimin-free\/\">\u6f2b\u753b\u300e\u6700\u7d42\u96fb\u8eca\u7761\u7720\u25cb\u300f\u3092\u7121\u6599\u3067\u8aad\u3081\u308b\u30b5\u30a4\u30c8\u30fb\u30a2\u30d7\u30ea\u3092\u8abf\u67fb\uff01\uff5c\u6700\u5b89\u5024\u306fDLsite\uff01<\/a><\/li>\n\t\t<li class=\"wsp-post\"><a href=\"https:\/\/www.gigamedia.jp\/media\/inmasenyousharyou-free\/\">\u6f2b\u753b\u300e\u6deb\u9b54\u5c02\u7528\u8eca\u4e21 \u73a9\u5177\u75f4\u5e79\u7dda \uff5e\u6025\u884c\u30db\u30c6\u30eb\u30a4\u304d\uff5e\u300f\u3092\u7121\u6599\u3067\u8aad\u3081\u308b\u30b5\u30a4\u30c8\u30fb\u30a2\u30d7\u30ea\u3092\u8abf\u67fb\uff01\uff5c\u6700\u5b89\u5024\u306fDLsite\uff01<\/a><\/li>\n\t\t<li class=\"wsp-post\"><a href=\"https:\/\/www.gigamedia.jp\/media\/urasannokouhai-free\/\">\u6f2b\u753b\u300e\u5b87\u826f\u3055\u3093\u306e&#8221;\u305f\u3060\u306e\u5f8c\u8f29&#8221;\u304b\u3089\u629c\u3051\u51fa\u3057\u305f\u3044\u304b\u3089\u3001\u300f\u3092\u7121\u6599\u3067\u8aad\u3081\u308b\u30b5\u30a4\u30c8\u30fb\u30a2\u30d7\u30ea\u3092\u8abf\u67fb\uff01\uff5c\u6700\u5b89\u5024\u306fDLsite\uff01<\/a><\/li>\n\t\t<li class=\"wsp-post\"><a href=\"https:\/\/www.gigamedia.jp\/media\/saitogadekai-free\/\">\u6f2b\u753b\u300e\u53cb\u9054\u306e\u658e\u85e4\u304c\u3067\u3063\u304b\u3044\u300f\u3092\u7121\u6599\u3067\u8aad\u3081\u308b\u30b5\u30a4\u30c8\u30fb\u30a2\u30d7\u30ea\u3092\u8abf\u67fb\uff01\uff5c\u6700\u5b89\u5024\u306fDLsite\uff01<\/a><\/li>\n\t\t<li class=\"wsp-post\"><a href=\"https:\/\/www.gigamedia.jp\/media\/horegusuri-free\/\">\u6f2b\u753b\u300e\u60da\u308c\u85ac\u3067\u8c79\u5909\u3057\u305f\u6700\u5f37\u9a0e\u58eb\u306e\u66b4\u8d70\u304c\u6b62\u307e\u308a\u307e\u305b\u3093!\u300f\u3092\u7121\u6599\u3067\u8aad\u3081\u308b\u30b5\u30a4\u30c8\u30fb\u30a2\u30d7\u30ea\u3092\u8abf\u67fb\uff01\uff5c\u6700\u5b89\u5024\u306fDLsite\uff01<\/a><\/li>\n\t\t<li class=\"wsp-post\"><a href=\"https:\/\/www.gigamedia.jp\/media\/chiharakeisuke-free\/\">\u6f2b\u753b\u300e\u8305\u539f\u5553\u4f51\u306e\u00d7\u604b\u300f\u3092\u7121\u6599\u3067\u8aad\u3081\u308b\u30b5\u30a4\u30c8\u30fb\u30a2\u30d7\u30ea\u3092\u8abf\u67fb\uff01\uff5c\u6700\u5b89\u5024\u306fDLsite\uff01<\/a><\/li>\n\t\t<li class=\"wsp-post\"><a href=\"https:\/\/www.gigamedia.jp\/media\/shinyuunoutsumi-free\/\">\u6f2b\u753b\u300e\u89aa\u53cb\u306e\u5185\u6d77\u306b\u88cf\u57a2\u5973\u5b50\u3084\u3063\u3066\u308b\u306e\u30d0\u30ec\u3066\u00d7\u00d7\u00d7\u3055\u308c\u305f\u300f\u3092\u7121\u6599\u3067\u8aad\u3081\u308b\u30b5\u30a4\u30c8\u30fb\u30a2\u30d7\u30ea\u3092\u8abf\u67fb\uff01\uff5c\u6700\u5b89\u5024\u306fDLsite\uff01<\/a><\/li>\n\t\t<li class=\"wsp-post\"><a href=\"https:\/\/www.gigamedia.jp\/media\/osananajimi-free\/\">\u6f2b\u753b\u300e\u5e7c\u306a\u3058\u307f\u306e\u30c4\u30e0\u30b0\u541b\u306f\u3002\u300f\u3092\u7121\u6599\u3067\u8aad\u3081\u308b\u30b5\u30a4\u30c8\u30fb\u30a2\u30d7\u30ea\u3092\u8abf\u67fb\uff01\uff5c\u6700\u5b89\u5024\u306fDLsite\uff01<\/a><\/li>\n\t\t<li class=\"wsp-post\"><a href=\"https:\/\/www.gigamedia.jp\/media\/koyoi-free\/\">\u6f2b\u753b\u300e\u4eca\u5bb5\uff5e\u521d\u3081\u3066\u306e\u540c\u887e\u306f\u3001\u524d\u4e16\u306e\u8a18\u61b6\u3068\u5171\u306b\uff5e\u300f\u3092\u7121\u6599\u3067\u8aad\u3081\u308b\u30b5\u30a4\u30c8\u30fb\u30a2\u30d7\u30ea\u3092\u8abf\u67fb\uff01\uff5c\u6700\u5b89\u5024\u306fDLsite\uff01<\/a><\/li>\n\t\t<li class=\"wsp-post\"><a href=\"https:\/\/www.gigamedia.jp\/media\/yuujyouhoukai-free\/\">\u6f2b\u753b\u300e\u53cb\u60c5\u5d29\u58ca\u4e59\u5973\u3002\u300f\u3092\u7121\u6599\u3067\u8aad\u3081\u308b\u30b5\u30a4\u30c8\u30fb\u30a2\u30d7\u30ea\u3092\u8abf\u67fb\uff01\uff5c\u6700\u5b89\u5024\u306fDLsite\uff01<\/a><\/li>\n\t\t<li class=\"wsp-post\"><a href=\"https:\/\/www.gigamedia.jp\/media\/hattori-free\/\">\u6f2b\u753b\u300e\u30ab\u30ce\u30b8\u30e7\u306f\u8981\u3089\u306a\u3044\u670d\u90e8\u5148\u751f\uff01\u300f\u3092\u7121\u6599\u3067\u8aad\u3081\u308b\u30b5\u30a4\u30c8\u30fb\u30a2\u30d7\u30ea\u3092\u8abf\u67fb\uff01\uff5c\u6700\u5b89\u5024\u306fDLsite\uff01<\/a><\/li>\n\t\t<li class=\"wsp-post\"><a href=\"https:\/\/www.gigamedia.jp\/media\/shinkangaxxx-free\/\">\u6f2b\u753b\u300e\u65b0\u520a\u304c\u00d7\u00d7\u00d7\u306a\u306e\u306f\u58f2\u308a\u5b50\u306e\u305b\u3044\u3067\u3059\u300f\u3092\u7121\u6599\u3067\u8aad\u3081\u308b\u30b5\u30a4\u30c8\u30fb\u30a2\u30d7\u30ea\u3092\u8abf\u67fb\uff01\uff5c\u6700\u5b89\u5024\u306fDLsite\uff01<\/a><\/li>\n\t\t<li class=\"wsp-post\"><a href=\"https:\/\/www.gigamedia.jp\/media\/kobonnoude-free\/\">\u6f2b\u753b\u300e\u5b50\u7169\u60a9\u3067\u512a\u3057\u3044\u592b\u3001\u7d76\u502b\u96c4\u3005\u91ce\u7363\u5f62\u614b\u306b\u623b\u308b\u300f\u3092\u7121\u6599\u3067\u8aad\u3081\u308b\u30b5\u30a4\u30c8\u30fb\u30a2\u30d7\u30ea\u3092\u8abf\u67fb\uff01\uff5c\u6700\u5b89\u5024\u306fDLsite\uff01<\/a><\/li>\n<\/ul><\/li>\n\t<li><strong class=\"wsp-category-title\">\u30ab\u30c6\u30b4\u30ea\u30fc: <a href=\"https:\/\/www.gigamedia.jp\/media\/category\/doujin\/\">\u540c\u4eba\u30b3\u30df\u30c3\u30af<\/a><\/strong>\n<ul class=\"wsp-posts-list\">\t\t<li class=\"wsp-post\"><a href=\"https:\/\/www.gigamedia.jp\/media\/onnanokonishiteageru-free\/\">\u6f2b\u753b\u300e\u5973\u306e\u5b50\u306b\u3057\u3066\u3042\u3052\u308b\u2661\u300f\u3092\u7121\u6599\u3067\u8aad\u3081\u308b\u30b5\u30a4\u30c8\u30fb\u30a2\u30d7\u30ea\u3092\u8abf\u67fb\uff01\uff5c\u6700\u5b89\u5024\u306fDLsite\uff01<\/a><\/li>\n\t\t<li class=\"wsp-post\"><a href=\"https:\/\/www.gigamedia.jp\/media\/namaonahosenpai-free\/\">\u6f2b\u753b\u300e\u306a\u307e\u30aa\u30ca\u30db\u5148\u8f29\u2661 ~\u30e4\u30ea\u305f\u304c\u308a\u306e\u5148\u8f29\u304c\u5f8c\u8f29\u304f\u3093\u3092\u717d\u3063\u305f\u3089\u30d0\u30c3\u30b3\u30d0\u30b3\u306b\u72af\u3055\u308c\u3066\u3081\u3061\u3083\u304f\u3061\u3083\u5c04\u7cbe\u3055\u308c\u308b\u8a71~\u300f\u3092\u7121\u6599\u3067\u8aad\u3081\u308b\u30b5\u30a4\u30c8\u30fb\u30a2\u30d7\u30ea\u3092\u8abf\u67fb\uff01\uff5c\u6700\u5b89\u5024\u306fDLsite\uff01<\/a><\/li>\n\t\t<li class=\"wsp-post\"><a href=\"https:\/\/www.gigamedia.jp\/media\/omaehaitsumomakezugirai-free\/\">\u6f2b\u753b\u300e\u304a\u524d\u306f\u3044\u3064\u3082\u8ca0\u3051\u305a\u5acc\u3044\u300f\u3092\u7121\u6599\u3067\u8aad\u3081\u308b\u30b5\u30a4\u30c8\u30fb\u30a2\u30d7\u30ea\u3092\u8abf\u67fb\uff01\uff5c\u6700\u5b89\u5024\u306fDLsite\uff01<\/a><\/li>\n\t\t<li class=\"wsp-post\"><a href=\"https:\/\/www.gigamedia.jp\/media\/houkagokanojogokko-free\/\">\u6f2b\u753b\u300e\u653e\u8ab2\u5f8c\u30ab\u30ce\u30b8\u30e7\u3054\u3063\u3053\u300f\u3092\u7121\u6599\u3067\u8aad\u3081\u308b\u30b5\u30a4\u30c8\u30fb\u30a2\u30d7\u30ea\u3092\u8abf\u67fb\uff01\uff5c\u6700\u5b89\u5024\u306fDLsite\uff01<\/a><\/li>\n\t\t<li class=\"wsp-post\"><a href=\"https:\/\/www.gigamedia.jp\/media\/shosenseishoku-free\/\">\u6f2b\u753b\u300e\u6240\u8a6e\u306f\u751f\u6b96\u672c\u80fd\u3060\u3051\u306e\u4e0b\u7b49\u751f\u7269\u3067\u3059\u306d\u300f\u3092\u7121\u6599\u3067\u8aad\u3081\u308b\u30b5\u30a4\u30c8\u30fb\u30a2\u30d7\u30ea\u3092\u8abf\u67fb\uff01\uff5c\u6700\u5b89\u5024\u306fDLsite\uff01<\/a><\/li>\n\t\t<li class=\"wsp-post\"><a href=\"https:\/\/www.gigamedia.jp\/media\/shintaisokutei-free\/\">\u6f2b\u753b\u300e\u8eab\u4f53\u6e2c\u5b9a\u306e\u7d50\u679c\u3067\u76f8\u6027\u306e\u3044\u3044\u30da\u30a2\u3092\u63a2\u3057\u30fb\u30fb\u30fb\u300f\u3092\u7121\u6599\u3067\u8aad\u3081\u308b\u30b5\u30a4\u30c8\u30fb\u30a2\u30d7\u30ea\u3092\u8abf\u67fb\uff01\uff5c\u6700\u5b89\u5024\u306fDLsite\uff01<\/a><\/li>\n\t\t<li class=\"wsp-post\"><a href=\"https:\/\/www.gigamedia.jp\/media\/megaitterudakeno-free\/\">\u6f2b\u753b\u300e\u76ee\u304c\u30a4\u3063\u3066\u308b\u3060\u3051\u306e\u666e\u901a\u306e\u5973\u300f\u3092\u7121\u6599\u3067\u8aad\u3081\u308b\u30b5\u30a4\u30c8\u30fb\u30a2\u30d7\u30ea\u3092\u8abf\u67fb\uff01\uff5c\u6700\u5b89\u5024\u306fDLsite\uff01<\/a><\/li>\n\t\t<li class=\"wsp-post\"><a href=\"https:\/\/www.gigamedia.jp\/media\/houkagokagakuclub-free\/\">\u6f2b\u753b\u300e\u653e\u8ab2\u5f8c\u5316\u5b66\u30af\u30e9\u30d6\u300f\u3092\u7121\u6599\u3067\u8aad\u3081\u308b\u30b5\u30a4\u30c8\u30fb\u30a2\u30d7\u30ea\u3092\u8abf\u67fb\uff01\uff5c9\/11\u307e\u3067DLsite\u3067\u7121\u6599\u3067\u8aad\u3081\u308b\uff01<\/a><\/li>\n<\/ul><\/li>\n\t<li><strong class=\"wsp-category-title\">\u30ab\u30c6\u30b4\u30ea\u30fc: <a href=\"https:\/\/www.gigamedia.jp\/media\/category\/seinen\/\">\u9752\u5e74\u30b3\u30df\u30c3\u30af<\/a><\/strong>\n<ul class=\"wsp-posts-list\">\t\t<li class=\"wsp-post\"><a href=\"https:\/\/www.gigamedia.jp\/media\/kabeanaaitemasu-free\/\">\u6f2b\u753b\u300e\u58c1\u7a74\u958b\u3044\u3066\u307e\u3059\u300f\u3092\u7121\u6599\u3067\u8aad\u3081\u308b\u30b5\u30a4\u30c8\u30fb\u30a2\u30d7\u30ea\u3092\u8abf\u67fb\uff01\uff5c\u6700\u5b89\u5024\u306fTOPTOON\uff01<\/a><\/li>\n<\/ul><\/li>\n<\/ul>\n<\/div>\n","protected":false},"excerpt":{"rendered":"","protected":false},"author":3,"featured_media":0,"parent":0,"menu_order":0,"comment_status":"closed","ping_status":"closed","template":"","meta":{"swell_btn_cv_data":"","footnotes":""},"class_list":["post-49","page","type-page","status-publish","hentry"],"_links":{"self":[{"href":"https:\/\/www.gigamedia.jp\/media\/wp-json\/wp\/v2\/pages\/49","targetHints":{"allow":["GET"]}}],"collection":[{"href":"https:\/\/www.gigamedia.jp\/media\/wp-json\/wp\/v2\/pages"}],"about":[{"href":"https:\/\/www.gigamedia.jp\/media\/wp-json\/wp\/v2\/types\/page"}],"author":[{"embeddable":true,"href":"https:\/\/www.gigamedia.jp\/media\/wp-json\/wp\/v2\/users\/3"}],"replies":[{"embeddable":true,"href":"https:\/\/www.gigamedia.jp\/media\/wp-json\/wp\/v2\/comments?post=49"}],"version-history":[{"count":1,"href":"https:\/\/www.gigamedia.jp\/media\/wp-json\/wp\/v2\/pages\/49\/revisions"}],"predecessor-version":[{"id":50,"href":"https:\/\/www.gigamedia.jp\/media\/wp-json\/wp\/v2\/pages\/49\/revisions\/50"}],"wp:attachment":[{"href":"https:\/\/www.gigamedia.jp\/media\/wp-json\/wp\/v2\/media?parent=49"}],"curies":[{"name":"wp","href":"https:\/\/api.w.org\/{rel}","templated":true}]}}